{"id":284,"date":"2016-08-02T17:36:17","date_gmt":"2016-08-02T17:36:17","guid":{"rendered":"http:\/\/themes.esmeth.com\/educa\/?post_type=product&#038;p=284"},"modified":"2020-02-27T08:15:29","modified_gmt":"2020-02-27T08:15:29","slug":"danza-africana","status":"publish","type":"product","link":"https:\/\/divenire.ch\/?product=danza-africana","title":{"rendered":"Danza africana"},"content":{"rendered":"<div class=\"wpb-content-wrapper\"><p>[vc_row][vc_column][vc_column_text]<\/p>\n<h4>Descrizione<\/h4>\n<p class=\"p1\">Nella nostra societ\u00e0 occidentale \u00e8 data molta importanza alla dimensione mentale, spesso dimenticando completamente quella corporea.<br \/>\nL\u2019approccio alla danza africana ci aiuta a ritrovare l\u2019equilibrio fra corpo e mente, indispensabile per affrontare in modo efficace e creativo le sfide che la nostra vita privata e professionale ci propone.<br \/>\nAttraverso i movimenti ondulatori, le vibrazioni, il ritmo delle percussioni della danza africana potrete contattare la vostra mente somatica, per apprezzarne tutta la creativit\u00e0, la forza e la generativit\u00e0. Durante il corso si alterneranno momenti di danza africana, con percussioni africane dal vivo, a spazi di integrazione psicocorporea. [\/vc_column_text][vc_column_text]<\/p>\n<h4>Benefici<\/h4>\n<p>[\/vc_column_text][vc_row_inner css=&#8221;.vc_custom_1470157623714{margin-top: 0px !important;margin-bottom: 0px !important;padding-top: 0px !important;padding-bottom: 0px !important;}&#8221;][vc_column_inner width=&#8221;1\/1&#8243; css=&#8221;.vc_custom_1470157513743{margin-top: 0px !important;margin-bottom: 0px !important;padding-top: 0px !important;padding-bottom: 0px !important;}&#8221;][vc_column_text css=&#8221;.vc_custom_1470157724198{margin-top: 0px !important;margin-bottom: 0px !important;padding-top: 0px !important;padding-bottom: 0px !important;}&#8221;]<\/p>\n<ul>\n<li>una maggior consapevolezza dei tuoi blocchi e delle tue tensioni, per poter rendere il tuo corpo<span class=\"Apple-converted-space\">\u00a0 <\/span>pi\u00f9 elastico, equilibrato ed allineato<\/li>\n<li>libererai la creativit\u00e0 nascosta nel profondo della tua mente inconscia<\/li>\n<li>sperimenterai una capacit\u00e0 di presenza intensa (qui e ora) che ti connetter\u00e0 con il tuo essere pi\u00f9 profondo (identit\u00e0)<\/li>\n<\/ul>\n<h4>Info<\/h4>\n<p>[\/vc_column_text][\/vc_column_inner][vc_column_inner width=&#8221;1\/1&#8243; css=&#8221;.vc_custom_1470157699605{margin-top: 0px !important;margin-bottom: 0px !important;padding-top: 0px !important;padding-bottom: 0px !important;}&#8221;][vc_column_text css=&#8221;.vc_custom_1470157708569{margin-top: 0px !important;margin-bottom: 0px !important;padding-top: 0px !important;padding-bottom: 0px !important;}&#8221;]<\/p>\n<ul>\n<li>Date da stabilire<\/li>\n<\/ul>\n<p>&nbsp;<\/p>\n<\/div>","protected":false},"excerpt":{"rendered":"<p class=\"p1\"><i>risveglia l\u2019energia del corpo<\/i><\/p>\n","protected":false},"featured_media":492,"comment_status":"open","ping_status":"closed","template":"","meta":[],"product_cat":[70],"product_tag":[],"_links":{"self":[{"href":"https:\/\/divenire.ch\/index.php?rest_route=\/wp\/v2\/product\/284"}],"collection":[{"href":"https:\/\/divenire.ch\/index.php?rest_route=\/wp\/v2\/product"}],"about":[{"href":"https:\/\/divenire.ch\/index.php?rest_route=\/wp\/v2\/types\/product"}],"replies":[{"embeddable":true,"href":"https:\/\/divenire.ch\/index.php?rest_route=%2Fwp%2Fv2%2Fcomments&post=284"}],"wp:featuredmedia":[{"embeddable":true,"href":"https:\/\/divenire.ch\/index.php?rest_route=\/wp\/v2\/media\/492"}],"wp:attachment":[{"href":"https:\/\/divenire.ch\/index.php?rest_route=%2Fwp%2Fv2%2Fmedia&parent=284"}],"wp:term":[{"taxonomy":"product_cat","embeddable":true,"href":"https:\/\/divenire.ch\/index.php?rest_route=%2Fwp%2Fv2%2Fproduct_cat&post=284"},{"taxonomy":"product_tag","embeddable":true,"href":"https:\/\/divenire.ch\/index.php?rest_route=%2Fwp%2Fv2%2Fproduct_tag&post=284"}],"curies":[{"name":"wp","href":"https:\/\/api.w.org\/{rel}","templated":true}]}}